{"id":236,"date":"2020-09-29T19:06:02","date_gmt":"2020-09-29T17:06:02","guid":{"rendered":"https:\/\/www.mlskids.de\/index.php\/cookie-richtlinie-eu\/"},"modified":"2020-09-30T11:11:15","modified_gmt":"2020-09-30T09:11:15","slug":"cookie-richtlinie-eu","status":"publish","type":"page","link":"https:\/\/www.mlskids.de\/index.php\/cookie-richtlinie-eu\/","title":{"rendered":"Cookie Informationen (EU)"},"content":{"rendered":"<div data-colibri-id=\"236-c1\" class=\"style-226 style-local-236-c1 position-relative\">\n  <!---->\n  <div data-colibri-component=\"section\" data-colibri-id=\"236-c7\" id=\"custom\" class=\"h-section h-section-global-spacing d-flex align-items-lg-center align-items-md-center align-items-center style-243 style-local-236-c7 position-relative\">\n    <!---->\n    <!---->\n    <div class=\"h-section-grid-container h-section-boxed-container\">\n      <!---->\n      <div data-colibri-id=\"236-c8\" class=\"h-row-container gutters-row-lg-2 gutters-row-md-2 gutters-row-0 gutters-row-v-lg-2 gutters-row-v-md-2 gutters-row-v-2 style-244 style-local-236-c8 position-relative\">\n        <!---->\n        <div class=\"h-row justify-content-lg-center justify-content-md-center justify-content-center align-items-lg-stretch align-items-md-stretch align-items-stretch gutters-col-lg-2 gutters-col-md-2 gutters-col-0 gutters-col-v-lg-2 gutters-col-v-md-2 gutters-col-v-2\">\n          <!---->\n          <div class=\"h-column h-column-container d-flex h-col-lg-auto h-col-md-auto h-col-auto style-245-outer style-local-236-c9-outer\">\n            <div data-colibri-id=\"236-c9\" class=\"d-flex h-flex-basis h-column__inner h-px-lg-2 h-px-md-2 h-px-2 v-inner-lg-2 v-inner-md-2 v-inner-2 style-245 style-local-236-c9 position-relative\">\n              <!---->\n              <!---->\n              <div class=\"w-100 h-y-container h-column__content h-column__v-align flex-basis-100 align-self-lg-start align-self-md-start align-self-start\">\n                <!---->\n                <div data-colibri-id=\"236-c10\" class=\"h-text h-text-component style-246 style-local-236-c10 position-relative h-element\">\n                  <!---->\n                  <!---->\n                  <div class=\"\">\n                    <p>\n                      <br>\n                    <\/p>\n                    <p><strong>1. Einf\u00fchrung<\/strong><\/p>\n                    <p>\n                      <br>\n                    <\/p>\n                    <p>Unsere Website, https:\/\/www.mlskids.de (im folgenden: &#8222;Die Website&#8220;) verwendet Cookies und \u00e4hnliche Technologien (der Einfachheit halber werden all diese unter &#8222;Cookies&#8220; zusammengefasst). Cookies werden au\u00dferdem von uns beauftragten\n                      Drittparteien platziert. In dem unten stehendem Dokument informieren wir dich \u00fcber die Verwendung von Cookies auf unserer Website.<\/p>\n                    <p>\n                      <br>\n                    <\/p>\n                    <p><strong>2. Was sind Cookies<\/strong><\/p>\n                    <p>Ein Cookie ist eine einfache kleine Datei, die gemeinsam mit den Seiten einer Internetadresse versendet und vom Webbrowser auf dem PC oder einem anderen Ger\u00e4t gespeichert werden kann. Die darin gespeicherten Informationen k\u00f6nnen w\u00e4hrend\n                      folgender Besuche zu unseren oder den Servern relevanter Drittanbieter gesendet werden.<\/p>\n                    <p>\n                      <br>\n                    <\/p>\n                    <p><strong>3. Was sind Skripte?<\/strong><\/p>\n                    <p>Ein Skript ist ein Teil des Programmcodes, mit dem unsere Website ordnungsgem\u00e4\u00df und interaktiv funktioniert.<\/p>\n                    <p>Dieser Code wird auf unserem Server oder auf deinem Ger\u00e4t ausgef\u00fchrt.<\/p>\n                    <p>\n                      <br>\n                    <\/p>\n                    <p><strong>4. Was ist ein Web Beacon?<\/strong><\/p>\n                    <p>Ein Web-Beacon (auch Pixel-Tag genannt), ist ein kleines unsichtbares Textfragment oder Bild auf einer Website, das benutzt wird, um den Verkehr auf der Website zu \u00fcberwachen. Um dies zu erm\u00f6glichen werden diverse Daten von dir mittels\n                      Web-Beacons gespeichert.<\/p>\n                    <p>\n                      <br>\n                    <\/p>\n                    <p><strong>5. Zustimmung<\/strong><\/p>\n                    <p>Wenn du unsere Website das erste Mal besuchst, zeigen wir Ihnen ein Pop-Up mit einer Erkl\u00e4rung \u00fcber Cookies. Sobald du auf &#8222;Einstellungen speichern&#8220; bzw. \u201eOK\u201c klickst, gibst du uns dein Einverst\u00e4ndnis alle von dir gew\u00e4hlten Kategorien\n                      von Cookies und Plugins wie in dieser Cookie-Richtlinie beschrieben zu verwenden. Du kannst die Verwendung von Cookies \u00fcber deinen Browser deaktivieren, aber bitte beachte, dass unsere Website dann unter Umst\u00e4nden nicht richtig funktioniert.<\/p>\n                    <p>\n                      <br>\n                    <\/p>\n                    <p><strong>6. Cookies<\/strong><\/p>\n                    <p>6.1 Technische oder funktionelle Cookies<\/p>\n                    <p>Einige Cookies stellen sicher, dass Teile unserer Website richtig funktionieren und deine Nutzervorlieben bekannt bleiben. Durch das Platzieren funktionaler Cookies machen wir es dir einfacher unsere Website zu besuchen. Auf diese\n                      Weise musst du bei Besuchen unserer Website nicht wiederholt die gleichen Informationen eingeben, oder deine Gegenst\u00e4nde bleiben beispielsweise in deinem Warenkorb bis du bezahlst. Wir k\u00f6nnen diese Cookies ohne dein Einverst\u00e4ndnis\n                      platzieren.<\/p>\n                    <p>\n                      <br>\n                    <\/p>\n                    <p><strong>7. Platzierte Cookies<\/strong><\/p>\n                    <p>Name: cookie_notice_accepted<\/p>\n                    <p>Aufbewahrung: 1 Monat<\/p>\n                    <p>Funktion: Speichert, das Du die Cookie Information akzeptiert hast<\/p>\n                    <p>\n                      <br>\n                    <\/p>\n                    <p>Weitergabe<\/p>\n                    <p>Diesen Daten werden nicht mit Drittparteien geteilt.<\/p>\n                    <p>\n                      <br>\n                    <\/p>\n                    <p><strong>8. Deine Rechte in Bezug auf pers\u00f6nliche Daten<\/strong><\/p>\n                    <p>Du hast in Bezug auf deine pers\u00f6nlichen Daten die folgenden Rechte:<\/p>\n                    <p>\u00b7 Du hast das Recht zu wissen, warum deine pers\u00f6nlichen Daten gebraucht werden, was mit ihnen passiert und wie lange diese verwahrt werden.<\/p>\n                    <p>\u00b7 Zugriffsrecht: Du hast das Recht deine uns bekannten pers\u00f6nlichen Daten einzusehen.<\/p>\n                    <p>\u00b7 Recht auf Berichtigung: Du hast das Recht wann immer du w\u00fcnscht, deine pers\u00f6nlichen Daten zu erg\u00e4nzen,\n                      <br>zu korrigieren sowie gel\u00f6scht oder blockiert zu bekommen.<\/p>\n                    <p>\u00b7 Wenn du uns dein Einverst\u00e4ndnis zur Verarbeitung deiner Daten gegeben hast, hast du das Recht dieses Einverst\u00e4ndnis zu widerrufen und deine pers\u00f6nlichen Daten l\u00f6schen zu lassen.<\/p>\n                    <p>\u00b7 Recht auf Datentransfer deiner Daten: Du hast das Recht, alle deine pers\u00f6nlichen Daten von einem Kontrolleur anzufordern und in ihrer Gesamtheit zu einem anderen Kontrolleur zu transferieren.<\/p>\n                    <p>\u00b7 Widerspruchsrecht: Du kannst der Verarbeitung deiner Daten widersprechen. Wir entsprechen dem, es sei denn es gibt berechtigte Gr\u00fcnde f\u00fcr die Verarbeitung.<\/p>\n                    <p>\n                      <br>\n                    <\/p>\n                    <p>Um diese Rechte auszu\u00fcben kontaktiere uns bitte. Bitte beziehe dich auf die Kontaktdaten am Ende dieser Cookie-Erkl\u00e4rung. Wenn du eine Beschwerde dar\u00fcber hast, wie wir deine Daten behandeln, w\u00fcrden wir diese gerne h\u00f6ren, aber du hast\n                      auch das Recht diese an die Aufsichtsbeh\u00f6rde (der Datenschutzbeh\u00f6rde) zu richten.<\/p>\n                    <p>\n                      <br>\n                    <\/p>\n                    <p><strong>9. Aktivierung\/Deaktivierung und L\u00f6schen von Cookies<\/strong><\/p>\n                    <p>Du kannst deinen Internetbrowser verwenden, um Cookies automatisch oder manuell zu l\u00f6schen. Du kannst auch festlegen, dass bestimmte Cookies m\u00f6glicherweise nicht platziert werden. Eine weitere M\u00f6glichkeit besteht darin, die Einstellungen\n                      deines Internetbrowsers so zu \u00e4ndern, dass du jedes Mal eine Nachricht erh\u00e4ltst, wenn ein Cookie gesetzt wird.<\/p>\n                    <p>Weitere Informationen zu diesen Optionen findest du in den Anweisungen im Hilfebereich deines Browsers.\n                      <br>Bitte nimm zur Kenntnis, dass unsere Website m\u00f6glicherweise nicht richtig funktioniert, wenn alle Cookies deaktiviert sind. Wenn du die Cookies in deinem Browser l\u00f6schst, werden diese neu platziert, wenn du unsere Website erneut\n                      besuchst.<\/p>\n                    <p>\n                      <br>\n                    <\/p>\n                    <p><strong>10. Kontaktdaten<\/strong><\/p>\n                    <p>F\u00fcr Fragen und\/oder Kommentare \u00fcber unsere Cookie-Richtlinien und diese Aussage kontaktiere uns bitte mittels der folgenden Kontaktdaten:<\/p>\n                    <p>MLS Kids Theodor-Heuss-Stra\u00dfe 72 61169 Friedberg Deutschland Website: https:\/\/www.mlskids.de E-Mail: kundenservice@mlskids.de<\/p>\n                    <p>\n                      <br>\n                    <\/p>\n                    <p>Letzte Aktualisierung am 29. September 2020<\/p>\n                  <\/div>\n                <\/div>\n              <\/div>\n            <\/div>\n          <\/div>\n        <\/div>\n      <\/div>\n    <\/div>\n  <\/div>\n<\/div>","protected":false},"excerpt":{"rendered":"<p>1. Einf\u00fchrung Unsere Website, https:\/\/www.mlskids.de (im folgenden: &#8222;Die Website&#8220;) verwendet Cookies und \u00e4hnliche Technologien (der Einfachheit halber werden all diese unter &#8222;Cookies&#8220; zusammengefasst). Cookies werden au\u00dferdem von uns beauftragten Drittparteien platziert. In dem unten stehendem Dokument informieren wir dich \u00fcber die Verwendung von Cookies auf unserer Website. 2. Was sind Cookies Ein Cookie ist eine [&hellip;]<\/p>\n","protected":false},"author":1,"featured_media":0,"parent":0,"menu_order":0,"comment_status":"closed","ping_status":"closed","template":"page-templates\/full-width-page.php","meta":{"footnotes":""},"class_list":["post-236","page","type-page","status-publish","hentry"],"_links":{"self":[{"href":"https:\/\/www.mlskids.de\/index.php\/wp-json\/wp\/v2\/pages\/236","targetHints":{"allow":["GET"]}}],"collection":[{"href":"https:\/\/www.mlskids.de\/index.php\/wp-json\/wp\/v2\/pages"}],"about":[{"href":"https:\/\/www.mlskids.de\/index.php\/wp-json\/wp\/v2\/types\/page"}],"author":[{"embeddable":true,"href":"https:\/\/www.mlskids.de\/index.php\/wp-json\/wp\/v2\/users\/1"}],"replies":[{"embeddable":true,"href":"https:\/\/www.mlskids.de\/index.php\/wp-json\/wp\/v2\/comments?post=236"}],"version-history":[{"count":19,"href":"https:\/\/www.mlskids.de\/index.php\/wp-json\/wp\/v2\/pages\/236\/revisions"}],"predecessor-version":[{"id":384,"href":"https:\/\/www.mlskids.de\/index.php\/wp-json\/wp\/v2\/pages\/236\/revisions\/384"}],"wp:attachment":[{"href":"https:\/\/www.mlskids.de\/index.php\/wp-json\/wp\/v2\/media?parent=236"}],"curies":[{"name":"wp","href":"https:\/\/api.w.org\/{rel}","templated":true}]}}